{"id":365,"date":"2023-03-19T22:36:15","date_gmt":"2023-03-19T22:36:15","guid":{"rendered":"https:\/\/digitafood.com\/software\/?post_type=product&#038;p=365"},"modified":"2023-03-19T22:37:11","modified_gmt":"2023-03-19T22:37:11","slug":"gestionale-completo-1250-mese-delivery-asporto-e-servizio-ai-tavoli-con-prova-gratuita","status":"publish","type":"product","link":"https:\/\/digitafood.com\/software\/prodotto\/gestionale-completo-1250-mese-delivery-asporto-e-servizio-ai-tavoli-con-prova-gratuita\/","title":{"rendered":"Gestionale completo 12,50\/mese Delivery Asporto e Servizio ai Tavoli con prova gratuita"},"content":{"rendered":"<h3><strong>Gestionale completo Delivery Asporto e Servizio ai Tavoli <\/strong><\/h3>\n<h6><strong>Con una spesa di 12,50 al mese ottieni una piattaforma completa ed in pi\u00f9 compreso nel prezzo la tua attivit\u00e0 sar\u00e0 mostrata all&#8217;interno della piattaforma ed i clienti potranno contattarti e ordinare senza alcuna commissione\u00a0<\/strong><\/h6>\n<p><a href=\"https:\/\/www.digitafood.com\/software\">Descrizione completa<\/a><\/p>\n<p>&nbsp;<\/p>\n<p>&nbsp;<\/p>\n<div id=\"paypal-button-container\"><\/div>\n<p><script src=\"https:\/\/www.paypal.com\/sdk\/js?client-id=AWItrvTuniw2NjIT10TBbX1UrcQTVlEZxcR7jRj4K0GnyXTSdkSX-VjWUW4Q8UPoUuRrBA8wX-N8kER7&#038;vault=true\" data-sdk-integration-source=\"button-factory\"><\/script><br \/>\n<script>\n  paypal.Buttons({\n      style: {\n          shape: \"rect\",\n          color: \"gold\",\n          layout: \"vertical\",\n          label: \"subscribe\",<\/p>\n<p>      },\n      createSubscription: function(data, actions) {\n        return actions.subscription.create({\n          \"plan_id\": \"P-7BU20550DG739214NL3NKPIA\"\n        });\n      },\n      onApprove: function(data, actions) {\n        alert(data.subscriptionID);\n      }\n  }).render(\"#paypal-button-container\");\n<\/script><\/p>\n","protected":false},"excerpt":{"rendered":"<p>Gestionale completo Delivery Asporto e Servizio ai Tavoli Con una spesa di 12,50 al mese ottieni una piattaforma completa ed in pi\u00f9 compreso nel prezzo la tua attivit\u00e0 sar\u00e0 mostrata all&#8217;interno della piattaforma ed i clienti potranno contattarti e ordinare senza alcuna commissione\u00a0 Descrizione completa &nbsp; &nbsp;<\/p>\n","protected":false},"featured_media":59,"comment_status":"open","ping_status":"closed","template":"","meta":{"_et_pb_use_builder":"on","_et_pb_old_content":"<h3><strong>Gestionale completo Delivery Asporto e Servizio ai Tavoli <\/strong><\/h3>\r\n<h6><strong>Con una spesa di 12,50 al mese ottieni una piattaforma completa ed in pi\u00f9 compreso nel prezzo la tua attivit\u00e0 sar\u00e0 mostrata all'interno della piattaforma ed i clienti potranno contattarti e ordinare senza alcuna commissione\u00a0<\/strong><\/h6>\r\n<a href=\"https:\/\/www.digitafood.com\/software\">Descrizione completa<\/a>\r\n\r\n&nbsp;\r\n\r\n&nbsp;\r\n<div id=\"paypal-button-container\"><\/div>\r\n<script src=\"https:\/\/www.paypal.com\/sdk\/js?client-id=AWItrvTuniw2NjIT10TBbX1UrcQTVlEZxcR7jRj4K0GnyXTSdkSX-VjWUW4Q8UPoUuRrBA8wX-N8kER7&vault=true\" data-sdk-integration-source=\"button-factory\"><\/script>\r\n<script>\r\n  paypal.Buttons({\r\n      style: {\r\n          shape: \"rect\",\r\n          color: \"gold\",\r\n          layout: \"vertical\",\r\n          label: \"subscribe\",\r\n          \r\n      },\r\n      createSubscription: function(data, actions) {\r\n        return actions.subscription.create({\r\n          \"plan_id\": \"P-7BU20550DG739214NL3NKPIA\"\r\n        });\r\n      },\r\n      onApprove: function(data, actions) {\r\n        alert(data.subscriptionID);\r\n      }\r\n  }).render(\"#paypal-button-container\");\r\n<\/script>","_et_gb_content_width":""},"product_cat":[15],"product_tag":[],"yoast_head":"<!-- This site is optimized with the Yoast SEO plugin v22.8 - https:\/\/yoast.com\/wordpress\/plugins\/seo\/ -->\n<title>Gestionale completo 12,50\/mese Delivery Asporto e Servizio ai Tavoli con prova gratuita - DIGITA FOOD<\/title>\n<meta name=\"robots\" content=\"index, follow, max-snippet:-1, max-image-preview:large, max-video-preview:-1\" \/>\n<link rel=\"canonical\" href=\"https:\/\/digitafood.com\/software\/prodotto\/gestionale-completo-1250-mese-delivery-asporto-e-servizio-ai-tavoli-con-prova-gratuita\/\" \/>\n<meta property=\"og:locale\" content=\"it_IT\" \/>\n<meta property=\"og:type\" content=\"article\" \/>\n<meta property=\"og:title\" content=\"Gestionale completo 12,50\/mese Delivery Asporto e Servizio ai Tavoli con prova gratuita - DIGITA FOOD\" \/>\n<meta property=\"og:description\" content=\"Gestionale completo Delivery Asporto e Servizio ai Tavoli Con una spesa di 12,50 al mese ottieni una piattaforma completa ed in pi\u00f9 compreso nel prezzo la tua attivit\u00e0 sar\u00e0 mostrata all&#039;interno della piattaforma ed i clienti potranno contattarti e ordinare senza alcuna commissione\u00a0 Descrizione completa &nbsp; &nbsp;\" \/>\n<meta property=\"og:url\" content=\"https:\/\/digitafood.com\/software\/prodotto\/gestionale-completo-1250-mese-delivery-asporto-e-servizio-ai-tavoli-con-prova-gratuita\/\" \/>\n<meta property=\"og:site_name\" content=\"DIGITA FOOD\" \/>\n<meta property=\"article:modified_time\" content=\"2023-03-19T22:37:11+00:00\" \/>\n<meta property=\"og:image\" content=\"https:\/\/digitafood.com\/software\/wp-content\/uploads\/2020\/06\/digita-food.png\" \/>\n\t<meta property=\"og:image:width\" content=\"1018\" \/>\n\t<meta property=\"og:image:height\" content=\"1162\" \/>\n\t<meta property=\"og:image:type\" content=\"image\/png\" \/>\n<meta name=\"twitter:card\" content=\"summary_large_image\" \/>\n<meta name=\"twitter:label1\" content=\"Tempo di lettura stimato\" \/>\n\t<meta name=\"twitter:data1\" content=\"1 minuto\" \/>\n<script type=\"application\/ld+json\" class=\"yoast-schema-graph\">{\"@context\":\"https:\/\/schema.org\",\"@graph\":[{\"@type\":\"WebPage\",\"@id\":\"https:\/\/digitafood.com\/software\/prodotto\/gestionale-completo-1250-mese-delivery-asporto-e-servizio-ai-tavoli-con-prova-gratuita\/\",\"url\":\"https:\/\/digitafood.com\/software\/prodotto\/gestionale-completo-1250-mese-delivery-asporto-e-servizio-ai-tavoli-con-prova-gratuita\/\",\"name\":\"Gestionale completo 12,50\/mese Delivery Asporto e Servizio ai Tavoli con prova gratuita - DIGITA FOOD\",\"isPartOf\":{\"@id\":\"https:\/\/digitafood.com\/software\/#website\"},\"primaryImageOfPage\":{\"@id\":\"https:\/\/digitafood.com\/software\/prodotto\/gestionale-completo-1250-mese-delivery-asporto-e-servizio-ai-tavoli-con-prova-gratuita\/#primaryimage\"},\"image\":{\"@id\":\"https:\/\/digitafood.com\/software\/prodotto\/gestionale-completo-1250-mese-delivery-asporto-e-servizio-ai-tavoli-con-prova-gratuita\/#primaryimage\"},\"thumbnailUrl\":\"https:\/\/digitafood.com\/software\/wp-content\/uploads\/2020\/06\/digita-food.png\",\"datePublished\":\"2023-03-19T22:36:15+00:00\",\"dateModified\":\"2023-03-19T22:37:11+00:00\",\"breadcrumb\":{\"@id\":\"https:\/\/digitafood.com\/software\/prodotto\/gestionale-completo-1250-mese-delivery-asporto-e-servizio-ai-tavoli-con-prova-gratuita\/#breadcrumb\"},\"inLanguage\":\"it-IT\",\"potentialAction\":[{\"@type\":\"ReadAction\",\"target\":[\"https:\/\/digitafood.com\/software\/prodotto\/gestionale-completo-1250-mese-delivery-asporto-e-servizio-ai-tavoli-con-prova-gratuita\/\"]}]},{\"@type\":\"ImageObject\",\"inLanguage\":\"it-IT\",\"@id\":\"https:\/\/digitafood.com\/software\/prodotto\/gestionale-completo-1250-mese-delivery-asporto-e-servizio-ai-tavoli-con-prova-gratuita\/#primaryimage\",\"url\":\"https:\/\/digitafood.com\/software\/wp-content\/uploads\/2020\/06\/digita-food.png\",\"contentUrl\":\"https:\/\/digitafood.com\/software\/wp-content\/uploads\/2020\/06\/digita-food.png\",\"width\":1018,\"height\":1162,\"caption\":\"digita food\"},{\"@type\":\"BreadcrumbList\",\"@id\":\"https:\/\/digitafood.com\/software\/prodotto\/gestionale-completo-1250-mese-delivery-asporto-e-servizio-ai-tavoli-con-prova-gratuita\/#breadcrumb\",\"itemListElement\":[{\"@type\":\"ListItem\",\"position\":1,\"name\":\"Home\",\"item\":\"https:\/\/digitafood.com\/software\/\"},{\"@type\":\"ListItem\",\"position\":2,\"name\":\"Shop\",\"item\":\"https:\/\/digitafood.com\/software\/negozio\/\"},{\"@type\":\"ListItem\",\"position\":3,\"name\":\"Gestionale completo 12,50\/mese Delivery Asporto e Servizio ai Tavoli con prova gratuita\"}]},{\"@type\":\"WebSite\",\"@id\":\"https:\/\/digitafood.com\/software\/#website\",\"url\":\"https:\/\/digitafood.com\/software\/\",\"name\":\"DIGITA FOOD\",\"description\":\"Piattaforma per la gestione delle attivit&agrave; di somministrazione\",\"potentialAction\":[{\"@type\":\"SearchAction\",\"target\":{\"@type\":\"EntryPoint\",\"urlTemplate\":\"https:\/\/digitafood.com\/software\/?s={search_term_string}\"},\"query-input\":\"required name=search_term_string\"}],\"inLanguage\":\"it-IT\"}]}<\/script>\n<!-- \/ Yoast SEO plugin. -->","yoast_head_json":{"title":"Gestionale completo 12,50\/mese Delivery Asporto e Servizio ai Tavoli con prova gratuita - DIGITA FOOD","robots":{"index":"index","follow":"follow","max-snippet":"max-snippet:-1","max-image-preview":"max-image-preview:large","max-video-preview":"max-video-preview:-1"},"canonical":"https:\/\/digitafood.com\/software\/prodotto\/gestionale-completo-1250-mese-delivery-asporto-e-servizio-ai-tavoli-con-prova-gratuita\/","og_locale":"it_IT","og_type":"article","og_title":"Gestionale completo 12,50\/mese Delivery Asporto e Servizio ai Tavoli con prova gratuita - DIGITA FOOD","og_description":"Gestionale completo Delivery Asporto e Servizio ai Tavoli Con una spesa di 12,50 al mese ottieni una piattaforma completa ed in pi\u00f9 compreso nel prezzo la tua attivit\u00e0 sar\u00e0 mostrata all'interno della piattaforma ed i clienti potranno contattarti e ordinare senza alcuna commissione\u00a0 Descrizione completa &nbsp; &nbsp;","og_url":"https:\/\/digitafood.com\/software\/prodotto\/gestionale-completo-1250-mese-delivery-asporto-e-servizio-ai-tavoli-con-prova-gratuita\/","og_site_name":"DIGITA FOOD","article_modified_time":"2023-03-19T22:37:11+00:00","og_image":[{"width":1018,"height":1162,"url":"https:\/\/digitafood.com\/software\/wp-content\/uploads\/2020\/06\/digita-food.png","type":"image\/png"}],"twitter_card":"summary_large_image","twitter_misc":{"Tempo di lettura stimato":"1 minuto"},"schema":{"@context":"https:\/\/schema.org","@graph":[{"@type":"WebPage","@id":"https:\/\/digitafood.com\/software\/prodotto\/gestionale-completo-1250-mese-delivery-asporto-e-servizio-ai-tavoli-con-prova-gratuita\/","url":"https:\/\/digitafood.com\/software\/prodotto\/gestionale-completo-1250-mese-delivery-asporto-e-servizio-ai-tavoli-con-prova-gratuita\/","name":"Gestionale completo 12,50\/mese Delivery Asporto e Servizio ai Tavoli con prova gratuita - DIGITA FOOD","isPartOf":{"@id":"https:\/\/digitafood.com\/software\/#website"},"primaryImageOfPage":{"@id":"https:\/\/digitafood.com\/software\/prodotto\/gestionale-completo-1250-mese-delivery-asporto-e-servizio-ai-tavoli-con-prova-gratuita\/#primaryimage"},"image":{"@id":"https:\/\/digitafood.com\/software\/prodotto\/gestionale-completo-1250-mese-delivery-asporto-e-servizio-ai-tavoli-con-prova-gratuita\/#primaryimage"},"thumbnailUrl":"https:\/\/digitafood.com\/software\/wp-content\/uploads\/2020\/06\/digita-food.png","datePublished":"2023-03-19T22:36:15+00:00","dateModified":"2023-03-19T22:37:11+00:00","breadcrumb":{"@id":"https:\/\/digitafood.com\/software\/prodotto\/gestionale-completo-1250-mese-delivery-asporto-e-servizio-ai-tavoli-con-prova-gratuita\/#breadcrumb"},"inLanguage":"it-IT","potentialAction":[{"@type":"ReadAction","target":["https:\/\/digitafood.com\/software\/prodotto\/gestionale-completo-1250-mese-delivery-asporto-e-servizio-ai-tavoli-con-prova-gratuita\/"]}]},{"@type":"ImageObject","inLanguage":"it-IT","@id":"https:\/\/digitafood.com\/software\/prodotto\/gestionale-completo-1250-mese-delivery-asporto-e-servizio-ai-tavoli-con-prova-gratuita\/#primaryimage","url":"https:\/\/digitafood.com\/software\/wp-content\/uploads\/2020\/06\/digita-food.png","contentUrl":"https:\/\/digitafood.com\/software\/wp-content\/uploads\/2020\/06\/digita-food.png","width":1018,"height":1162,"caption":"digita food"},{"@type":"BreadcrumbList","@id":"https:\/\/digitafood.com\/software\/prodotto\/gestionale-completo-1250-mese-delivery-asporto-e-servizio-ai-tavoli-con-prova-gratuita\/#breadcrumb","itemListElement":[{"@type":"ListItem","position":1,"name":"Home","item":"https:\/\/digitafood.com\/software\/"},{"@type":"ListItem","position":2,"name":"Shop","item":"https:\/\/digitafood.com\/software\/negozio\/"},{"@type":"ListItem","position":3,"name":"Gestionale completo 12,50\/mese Delivery Asporto e Servizio ai Tavoli con prova gratuita"}]},{"@type":"WebSite","@id":"https:\/\/digitafood.com\/software\/#website","url":"https:\/\/digitafood.com\/software\/","name":"DIGITA FOOD","description":"Piattaforma per la gestione delle attivit&agrave; di somministrazione","potentialAction":[{"@type":"SearchAction","target":{"@type":"EntryPoint","urlTemplate":"https:\/\/digitafood.com\/software\/?s={search_term_string}"},"query-input":"required name=search_term_string"}],"inLanguage":"it-IT"}]}},"_links":{"self":[{"href":"https:\/\/digitafood.com\/software\/wp-json\/wp\/v2\/product\/365"}],"collection":[{"href":"https:\/\/digitafood.com\/software\/wp-json\/wp\/v2\/product"}],"about":[{"href":"https:\/\/digitafood.com\/software\/wp-json\/wp\/v2\/types\/product"}],"replies":[{"embeddable":true,"href":"https:\/\/digitafood.com\/software\/wp-json\/wp\/v2\/comments?post=365"}],"wp:featuredmedia":[{"embeddable":true,"href":"https:\/\/digitafood.com\/software\/wp-json\/wp\/v2\/media\/59"}],"wp:attachment":[{"href":"https:\/\/digitafood.com\/software\/wp-json\/wp\/v2\/media?parent=365"}],"wp:term":[{"taxonomy":"product_cat","embeddable":true,"href":"https:\/\/digitafood.com\/software\/wp-json\/wp\/v2\/product_cat?post=365"},{"taxonomy":"product_tag","embeddable":true,"href":"https:\/\/digitafood.com\/software\/wp-json\/wp\/v2\/product_tag?post=365"}],"curies":[{"name":"wp","href":"https:\/\/api.w.org\/{rel}","templated":true}]}}