{"id":62,"date":"2020-06-07T13:24:24","date_gmt":"2020-06-07T13:24:24","guid":{"rendered":"https:\/\/digitafood.com\/software\/?page_id=62"},"modified":"2022-12-11T16:51:50","modified_gmt":"2022-12-11T16:51:50","slug":"termini-e-condizioni","status":"publish","type":"page","link":"https:\/\/digitafood.com\/software\/termini-e-condizioni\/","title":{"rendered":"Termini e Condizioni"},"content":{"rendered":"\n<p><strong>Termini e condizioni d\u2019uso del sito Internet&nbsp;<\/strong><\/p>\n\n\n\n<p>I servizi e i contenuti del sito web: www.digitafood.com e relative applicazioni, sono di propriet\u00e0 di Telda srls e sono protetti da copyright, possono essere presenti nomi o marchi di altre societ\u00e0 e questi possono essere nomi o marchi registrati di propriet\u00e0 dalle rispettive societ\u00e0.&nbsp;<\/p>\n\n\n\n<p>Tutti i diritti qui non espressamente concessi sono riservati.&nbsp;<\/p>\n\n\n\n<p>Tutte le informazioni e i servizi offerti da DigitaFood sono forniti senza alcuna garanzia esplicita o implicita di alcun tipo e possono essere soggetti a cambiamenti o aggiornamenti senza preavviso..<\/p>\n\n\n\n<p>Salvo le diverse indicazioni di legge, Telda srls non potr\u00e0 in nessun caso essere ritenuta responsabile per qualsiasi danno parziale o totale, diretto o indiretto legato all\u2019uso del presente sito web, applicazioni o di altri siti web a esso collegati da un link, ivi compresi, senza alcuna limitazione, i danni quali la perdita di profitti o fatturato, l\u2019interruzione di attivit\u00e0 aziendale o professionale, la perdita di programmi o altro tipo di dati ubicati sul vostro sistema informatico o altro sistema, anche se Telda srls &nbsp;fosse stata messa espressamente al corrente della possibilit\u00e0 di tali danni.&nbsp;<\/p>\n\n\n\n<p>I documenti e i servizi sono forniti nello stato in cui si trovano, senza alcuna garanzia.&nbsp;<\/p>\n\n\n\n<p>Le informazioni contenute nei documenti e i servizi sono periodicamente aggiornate e\/o modificate senza preavviso e non comportano alcun obbligo da parte di Telda srls.<\/p>\n\n\n\n<p>I documenti e\/o i servizi potrebbero contenere inaccuratezze tecniche o errori tipografici o bug: Telda srls&nbsp;non si assume alcuna responsabilit\u00e0 per eventuali bug o errori contenuti nel sito.&nbsp;<\/p>\n\n\n\n<p>I rischi conseguenti all\u2019uso delle informazioni e dei servizi disponibili sono a carico degli utenti.&nbsp;<\/p>\n\n\n\n<p>Telda srls &nbsp;si riserva il diritto di modificare i servizi offerti, le specifiche e le descrizioni dei servizi in qualsiasi momento, senza preavviso.&nbsp;<\/p>\n\n\n\n<p>Telda srls &nbsp;non si assume alcuna responsabilit\u00e0 e disconosce qualsiasi garanzia espressa o implicita relativa alla vendita e\/o all\u2019utilizzo dei suoi servizi, inclusa la responsabilit\u00e0 o l\u2019idoneit\u00e0 per uno scopo particolare, la commerciabilit\u00e0, o la violazione di brevetti, copyright o altri diritti di propriet\u00e0 intellettuale.&nbsp;<\/p>\n\n\n\n<p>I dati personali richiesti dal presente sito hanno finalit\u00e0 di registrazione dell\u2019utente e necessari per l\u2019utilizzo dei servizi offerti, e, qualora espresso il consenso, potranno essere usati per l\u2019invio di newsletter e materiale pubblicitario.&nbsp;<\/p>\n\n\n\n<p>In caso di mancato inserimento dei dati la registrazione non verr\u00e0 portata a termine.<\/p>\n\n\n\n<p>I rapporti tra le attivit\u00e0 registrate e i driver per le consegne sono oggetti di accordi tra le parti, in nessun modo Telda srls far\u00e0 da tramite nel rapporto tra le parti. L&#8217;unico scopo del servizio offerto \u00e8 quello di mettere in contatto le attivit\u00e0 che necessitano di corrieri con persone che si rendono disponibili a tale scopo, non percepisce per questo nessuna commissione e non entra in merito al rapporto tra le parti. Sar\u00e0 l&#8217;attivit\u00e0 che dovr\u00e0 valutare la seriet\u00e0 di colui che si \u00e8 reso disponibile per le consegne e offrire un contratto basato sulle disposizioni di legge. Sar\u00e0 il Driver che si rende disponibile per effettuare le consegne di valutare gli accordi contrattuali proposti dall&#8217;attivit\u00e0 commerciale che sar\u00e0 l&#8217;unica responsabile dei rapporti che si andranno ad instaurare.<\/p>\n\n\n\n<p>I rapporti tra le attivit\u00e0 registrate e i clienti che effettuano ordini sono oggetti di accordi trale parti, in nessun modo Telda srls far\u00e0 da tramite nel rapporto tra le parti. L&#8217;unico scopo del servizio \u00e8 quello di offrire un mezzo per mettere in contatto le due parti e non percepisce alcuna commissione per questo. Sar\u00e0 l&#8217;attivit\u00e0 commerciale a dover valutare l&#8217;attendibilit\u00e0 delle richieste e sar\u00e0 il cliente a dover valutare la professionalit\u00e0 e la seriet\u00e0 dell&#8217;attivit\u00e0 commerciale che sar\u00e0 l&#8217;unica responsabile del servizio reso.<\/p>\n\n\n\n<p>I dati personali del cliente, inseriti dall&#8217;attivit\u00e0 vengono conservati in modo criptato, l&#8217;utente finale pu\u00f2 registrarsi per usufruire dei servizi offerti, prendere visione della <a href=\"https:\/\/digitafood.com\/software\/privacy-policy\/\">Privacy Policy<\/a><\/p>\n\n\n\n<p>In caso di inserimento di dati inesatti o visibilmente falsi, o in caso di utilizzo di indirizzi e-mail fittizzi o tempranei , l\u2019account verr\u00e0 cancellato.<\/p>\n\n\n\n<p>L\u2019utilizzo della piattaforma da parte delle attivit\u00e0 commerciali \u00e8 soggetto a canone di abbonamento annuale, la sottoscrizione del quale ne blocca il prezzo, l&#8217;utilizzo gratuito della piattaforma qualora offerto, sarebbe al solo scopo dimostrativo e di test e pu\u00f2 essere revocato in qualsiasi momento, a titolo esemplificativo e non esaustivo, in alcune offerte potrebbe essere compreso l&#8217;utilizzo della piattaforma per un anno, scaduto il quale bisogner\u00e0 sottoscrivere l&#8217;abbonamento. <\/p>\n\n\n\n<p>Oltre il canone di abbonamento annuale non \u00e8 richiesto alcun costo di commissione per gli ordini gestiti tramite la piattaforma. Telda srls pu\u00f2 decidere di offrire alle attivit\u00e0 commerciali l&#8217;utilizzo totale o parziale del software a titolo gratuito, ogni concessione gratuita potr\u00e0 essere revocata in qualunque momento. In ogni modo Telda srls non potr\u00e0 mai essere responsabile per perdite di fatturato o qualsiasi altro danno a seguito dell&#8217;utilizzo gratuito del software. <\/p>\n\n\n\n<p>Salvo quanto sopra, la responsabilit\u00e0 finanziaria massima di Telda srls per qualsiasi danno eventualmente procurato al cliente resta in qualsiasi caso limitata al 10% (dieci percento) del corrispettivo pagato dal cliente per lo stesso anno; resta inoltre espressamente esclusa ogni responsabilit\u00e0 di Telda srls per danni indiretti e consequenziali, nonch\u00e9 perdite di profitto, di ricavi, di business, di ordini o clienti, di goodwill, di dati, per danni morali o commerciali, nonch\u00e9 per ogni eventuale azione legale intentata contro il cliente da terzi.<\/p>\n\n\n\n<p>In caso di controversie \u00e8 competente il tribunale di Roma.<\/p>\n\n\n\n<p><\/p>\n","protected":false},"excerpt":{"rendered":"<p>Termini e condizioni d\u2019uso del sito Internet&nbsp; I servizi e i contenuti del sito web: www.digitafood.com e relative applicazioni, sono di propriet\u00e0 di Telda srls e sono protetti da copyright, possono essere presenti nomi o marchi di altre societ\u00e0 e questi possono essere nomi o marchi registrati di propriet\u00e0 dalle rispettive societ\u00e0.&nbsp; Tutti i diritti [&hellip;]<\/p>\n","protected":false},"author":1,"featured_media":0,"parent":0,"menu_order":0,"comment_status":"closed","ping_status":"closed","template":"","meta":{"_et_pb_use_builder":"off","_et_pb_old_content":"<!-- wp:paragraph -->\n<p><strong>Termini e condizioni d\u2019uso del sito Internet&nbsp;<\/strong><\/p>\n<!-- \/wp:paragraph -->\n\n<!-- wp:paragraph -->\n<p>I servizi e i contenuti del sito web: www.digitafood.com e relative applicazioni, sono di propriet\u00e0 di Telda srls e sono protetti da copyright, possono essere presenti nomi o marchi di altre societ\u00e0 e questi possono essere nomi o marchi registrati di propriet\u00e0 dalle rispettive societ\u00e0.\u00a0<\/p>\n<!-- \/wp:paragraph -->\n\n<!-- wp:paragraph -->\n<p>Tutti i diritti qui non espressamente concessi sono riservati.&nbsp;<\/p>\n<!-- \/wp:paragraph -->\n\n<!-- wp:paragraph -->\n<p>Tutte le informazioni e i servizi offerti da DigitaFood sono forniti senza alcuna garanzia esplicita o implicita di alcun tipo e possono essere soggetti a cambiamenti o aggiornamenti senza preavviso..<\/p>\n<!-- \/wp:paragraph -->\n\n<!-- wp:paragraph -->\n<p>Salvo le diverse indicazioni di legge, Telda srls non potr\u00e0 in nessun caso essere ritenuta responsabile per qualsiasi danno parziale o totale, diretto o indiretto legato all\u2019uso del presente sito web, applicazioni o di altri siti web a esso collegati da un link, ivi compresi, senza alcuna limitazione, i danni quali la perdita di profitti o fatturato, l\u2019interruzione di attivit\u00e0 aziendale o professionale, la perdita di programmi o altro tipo di dati ubicati sul vostro sistema informatico o altro sistema, anche se Telda srls \u00a0fosse stata messa espressamente al corrente della possibilit\u00e0 di tali danni.\u00a0<\/p>\n<!-- \/wp:paragraph -->\n\n<!-- wp:paragraph -->\n<p>I documenti e i servizi sono forniti nello stato in cui si trovano, senza alcuna garanzia.&nbsp;<\/p>\n<!-- \/wp:paragraph -->\n\n<!-- wp:paragraph -->\n<p>Le informazioni contenute nei documenti e i servizi sono periodicamente aggiornate e\/o modificate senza preavviso e non comportano alcun obbligo da parte di Telda srls.<\/p>\n<!-- \/wp:paragraph -->\n\n<!-- wp:paragraph -->\n<p>I documenti e\/o i servizi potrebbero contenere inaccuratezze tecniche o errori tipografici o bug: Telda srls&nbsp;non si assume alcuna responsabilit\u00e0 per eventuali bug o errori contenuti nel sito.&nbsp;<\/p>\n<!-- \/wp:paragraph -->\n\n<!-- wp:paragraph -->\n<p>I rischi conseguenti all\u2019uso delle informazioni e dei servizi disponibili sono a carico degli utenti.&nbsp;<\/p>\n<!-- \/wp:paragraph -->\n\n<!-- wp:paragraph -->\n<p>Telda srls &nbsp;si riserva il diritto di modificare i servizi offerti, le specifiche e le descrizioni dei servizi in qualsiasi momento, senza preavviso.&nbsp;<\/p>\n<!-- \/wp:paragraph -->\n\n<!-- wp:paragraph -->\n<p>Telda srls &nbsp;non si assume alcuna responsabilit\u00e0 e disconosce qualsiasi garanzia espressa o implicita relativa alla vendita e\/o all\u2019utilizzo dei suoi servizi, inclusa la responsabilit\u00e0 o l\u2019idoneit\u00e0 per uno scopo particolare, la commerciabilit\u00e0, o la violazione di brevetti, copyright o altri diritti di propriet\u00e0 intellettuale.&nbsp;<\/p>\n<!-- \/wp:paragraph -->\n\n<!-- wp:paragraph -->\n<p>I dati personali richiesti dal presente sito hanno finalit\u00e0 di registrazione dell\u2019utente e necessari per l\u2019utilizzo dei servizi offerti, e, qualora espresso il consenso, potranno essere usati per l\u2019invio di newsletter e materiale pubblicitario.&nbsp;<\/p>\n<!-- \/wp:paragraph -->\n\n<!-- wp:paragraph -->\n<p>In caso di mancato inserimento dei dati la registrazione non verr\u00e0 portata a termine.<\/p>\n<!-- \/wp:paragraph -->\n\n<!-- wp:paragraph -->\n<p>I rapporti tra le attivit\u00e0 registrate e i driver per le consegne sono oggetti di accordi tra le parti, in nessun modo Telda srls far\u00e0 da tramite nel rapporto tra le parti. L'unico scopo del servizio offerto \u00e8 quello di mettere in contatto le attivit\u00e0 che necessitano di corrieri con persone che si rendono disponibili a tale scopo, non percepisce per questo nessuna commissione e non entra in merito al rapporto tra le parti. Sar\u00e0 l'attivit\u00e0 che dovr\u00e0 valutare la seriet\u00e0 di colui che si \u00e8 reso disponibile per le consegne e offrire un contratto basato sulle disposizioni di legge. Sar\u00e0 il Driver che si rende disponibile per effettuare le consegne di valutare gli accordi contrattuali proposti dall'attivit\u00e0 commerciale che sar\u00e0 l'unica responsabile dei rapporti che si andranno ad instaurare.<\/p>\n<!-- \/wp:paragraph -->\n\n<!-- wp:paragraph -->\n<p>I rapporti tra le attivit\u00e0 registrate e i clienti che effettuano ordini sono oggetti di accordi trale parti, in nessun modo Telda srls far\u00e0 da tramite nel rapporto tra le parti. L'unico scopo del servizio \u00e8 quello di offrire un mezzo per mettere in contatto le due parti e non percepisce alcuna commissione per questo. Sar\u00e0 l'attivit\u00e0 commerciale a dover valutare l'attendibilit\u00e0 delle richieste e sar\u00e0 il cliente a dopver valutare la professionalit\u00e0 e la seriet\u00e0 dell'attivit\u00e0 commerciale che sar\u00e0 l'unica responsabile del servizio reso.<\/p>\n<!-- \/wp:paragraph -->\n\n<!-- wp:paragraph -->\n<p>I dati personali del cliente, inseriti dall'attivit\u00e0 vengono conservati in modo criptato, l'utente finale pu\u00f2 registrarsi per usufruire dei servizi offerti, prendere visione della <a href=\"https:\/\/digitafood.com\/software\/privacy-policy\/\">Privacy Policy<\/a><\/p>\n<!-- \/wp:paragraph -->\n\n<!-- wp:paragraph -->\n<p>In caso di inserimento di dati inesatti o visibilmente falsi, o in caso di utilizzo di indirizzi e-mail fittizzi o tempranei , l\u2019account verr\u00e0 cancellato.<\/p>\n<!-- \/wp:paragraph -->\n\n<!-- wp:paragraph -->\n<p>L\u2019utilizzo della piattaforma da parte delle attivit\u00e0 commerciali \u00e8 soggetto a canone di abbonamento annuale, la sottoscrizione del quale ne blocca il prezzo, l'utilizzo gratuito della piattaforma qualora offerto, sarebbe al solo scopo dimostrativo e di test e pu\u00f2 essere revocato in qualsiasi momento, a titolo esemplificativo e non esaustivo, in alcune offerte potrebbe essere compreso l'utilizzo della piattaforma per un anno, scaduto il quale bisogner\u00e0 sottoscrivere l'abbonamento. <\/p>\n<!-- \/wp:paragraph -->\n\n<!-- wp:paragraph -->\n<p>Oltre il canone di abbonamento annuale non \u00e8 richiesto alcun costo di commissione per gli ordini gestiti tramite la piattaforma. Telda srls pu\u00f2 decidere di offrire alle attivit\u00e0 commerciali l'utilizzo totale o parziale del software a titolo gratuito, ogni concessione gratuita potr\u00e0 essere revocata in qualunque momento. In ogni modo Telda srls non potr\u00e0 mai essere responsabile per perdite di fatturato o qualsiasi altro danno a seguito dell'utilizzo gratuito del software. <\/p>\n<!-- \/wp:paragraph -->\n\n<!-- wp:paragraph -->\n<p>Salvo quanto sopra, la responsabilit\u00e0 finanziaria massima di Telda srls per qualsiasi danno eventualmente procurato al cliente resta in qualsiasi caso limitata al 10% (dieci percento) del corrispettivo pagato dal cliente per lo stesso anno; resta inoltre espressamente esclusa ogni responsabilit\u00e0 di Telda srls per danni indiretti e consequenziali, nonch\u00e9 perdite di profitto, di ricavi, di business, di ordini o clienti, di goodwill, di dati, per danni morali o commerciali, nonch\u00e9 per ogni eventuale azione legale intentata contro il cliente da terzi.<\/p>\n<!-- \/wp:paragraph -->\n\n<!-- wp:paragraph -->\n<p>In caso di controversie \u00e8 competente il tribunale di Roma.<\/p>\n<!-- \/wp:paragraph -->\n\n<!-- wp:paragraph -->\n<p><\/p>\n<!-- \/wp:paragraph -->","_et_gb_content_width":"","footnotes":""},"yoast_head":"<!-- This site is optimized with the Yoast SEO plugin v22.8 - https:\/\/yoast.com\/wordpress\/plugins\/seo\/ -->\n<title>Termini e Condizioni - DIGITA FOOD<\/title>\n<meta name=\"robots\" content=\"index, follow, max-snippet:-1, max-image-preview:large, max-video-preview:-1\" \/>\n<link rel=\"canonical\" href=\"https:\/\/digitafood.com\/software\/termini-e-condizioni\/\" \/>\n<meta property=\"og:locale\" content=\"it_IT\" \/>\n<meta property=\"og:type\" content=\"article\" \/>\n<meta property=\"og:title\" content=\"Termini e Condizioni - DIGITA FOOD\" \/>\n<meta property=\"og:description\" content=\"Termini e condizioni d\u2019uso del sito Internet&nbsp; I servizi e i contenuti del sito web: www.digitafood.com e relative applicazioni, sono di propriet\u00e0 di Telda srls e sono protetti da copyright, possono essere presenti nomi o marchi di altre societ\u00e0 e questi possono essere nomi o marchi registrati di propriet\u00e0 dalle rispettive societ\u00e0.&nbsp; Tutti i diritti [&hellip;]\" \/>\n<meta property=\"og:url\" content=\"https:\/\/digitafood.com\/software\/termini-e-condizioni\/\" \/>\n<meta property=\"og:site_name\" content=\"DIGITA FOOD\" \/>\n<meta property=\"article:modified_time\" content=\"2022-12-11T16:51:50+00:00\" \/>\n<meta name=\"twitter:card\" content=\"summary_large_image\" \/>\n<meta name=\"twitter:label1\" content=\"Tempo di lettura stimato\" \/>\n\t<meta name=\"twitter:data1\" content=\"5 minuti\" \/>\n<script type=\"application\/ld+json\" class=\"yoast-schema-graph\">{\"@context\":\"https:\/\/schema.org\",\"@graph\":[{\"@type\":\"WebPage\",\"@id\":\"https:\/\/digitafood.com\/software\/termini-e-condizioni\/\",\"url\":\"https:\/\/digitafood.com\/software\/termini-e-condizioni\/\",\"name\":\"Termini e Condizioni - DIGITA FOOD\",\"isPartOf\":{\"@id\":\"https:\/\/digitafood.com\/software\/#website\"},\"datePublished\":\"2020-06-07T13:24:24+00:00\",\"dateModified\":\"2022-12-11T16:51:50+00:00\",\"breadcrumb\":{\"@id\":\"https:\/\/digitafood.com\/software\/termini-e-condizioni\/#breadcrumb\"},\"inLanguage\":\"it-IT\",\"potentialAction\":[{\"@type\":\"ReadAction\",\"target\":[\"https:\/\/digitafood.com\/software\/termini-e-condizioni\/\"]}]},{\"@type\":\"BreadcrumbList\",\"@id\":\"https:\/\/digitafood.com\/software\/termini-e-condizioni\/#breadcrumb\",\"itemListElement\":[{\"@type\":\"ListItem\",\"position\":1,\"name\":\"Home\",\"item\":\"https:\/\/digitafood.com\/software\/\"},{\"@type\":\"ListItem\",\"position\":2,\"name\":\"Termini e Condizioni\"}]},{\"@type\":\"WebSite\",\"@id\":\"https:\/\/digitafood.com\/software\/#website\",\"url\":\"https:\/\/digitafood.com\/software\/\",\"name\":\"DIGITA FOOD\",\"description\":\"Piattaforma per la gestione delle attivit&agrave; di somministrazione\",\"potentialAction\":[{\"@type\":\"SearchAction\",\"target\":{\"@type\":\"EntryPoint\",\"urlTemplate\":\"https:\/\/digitafood.com\/software\/?s={search_term_string}\"},\"query-input\":\"required name=search_term_string\"}],\"inLanguage\":\"it-IT\"}]}<\/script>\n<!-- \/ Yoast SEO plugin. -->","yoast_head_json":{"title":"Termini e Condizioni - DIGITA FOOD","robots":{"index":"index","follow":"follow","max-snippet":"max-snippet:-1","max-image-preview":"max-image-preview:large","max-video-preview":"max-video-preview:-1"},"canonical":"https:\/\/digitafood.com\/software\/termini-e-condizioni\/","og_locale":"it_IT","og_type":"article","og_title":"Termini e Condizioni - DIGITA FOOD","og_description":"Termini e condizioni d\u2019uso del sito Internet&nbsp; I servizi e i contenuti del sito web: www.digitafood.com e relative applicazioni, sono di propriet\u00e0 di Telda srls e sono protetti da copyright, possono essere presenti nomi o marchi di altre societ\u00e0 e questi possono essere nomi o marchi registrati di propriet\u00e0 dalle rispettive societ\u00e0.&nbsp; Tutti i diritti [&hellip;]","og_url":"https:\/\/digitafood.com\/software\/termini-e-condizioni\/","og_site_name":"DIGITA FOOD","article_modified_time":"2022-12-11T16:51:50+00:00","twitter_card":"summary_large_image","twitter_misc":{"Tempo di lettura stimato":"5 minuti"},"schema":{"@context":"https:\/\/schema.org","@graph":[{"@type":"WebPage","@id":"https:\/\/digitafood.com\/software\/termini-e-condizioni\/","url":"https:\/\/digitafood.com\/software\/termini-e-condizioni\/","name":"Termini e Condizioni - DIGITA FOOD","isPartOf":{"@id":"https:\/\/digitafood.com\/software\/#website"},"datePublished":"2020-06-07T13:24:24+00:00","dateModified":"2022-12-11T16:51:50+00:00","breadcrumb":{"@id":"https:\/\/digitafood.com\/software\/termini-e-condizioni\/#breadcrumb"},"inLanguage":"it-IT","potentialAction":[{"@type":"ReadAction","target":["https:\/\/digitafood.com\/software\/termini-e-condizioni\/"]}]},{"@type":"BreadcrumbList","@id":"https:\/\/digitafood.com\/software\/termini-e-condizioni\/#breadcrumb","itemListElement":[{"@type":"ListItem","position":1,"name":"Home","item":"https:\/\/digitafood.com\/software\/"},{"@type":"ListItem","position":2,"name":"Termini e Condizioni"}]},{"@type":"WebSite","@id":"https:\/\/digitafood.com\/software\/#website","url":"https:\/\/digitafood.com\/software\/","name":"DIGITA FOOD","description":"Piattaforma per la gestione delle attivit&agrave; di somministrazione","potentialAction":[{"@type":"SearchAction","target":{"@type":"EntryPoint","urlTemplate":"https:\/\/digitafood.com\/software\/?s={search_term_string}"},"query-input":"required name=search_term_string"}],"inLanguage":"it-IT"}]}},"_links":{"self":[{"href":"https:\/\/digitafood.com\/software\/wp-json\/wp\/v2\/pages\/62"}],"collection":[{"href":"https:\/\/digitafood.com\/software\/wp-json\/wp\/v2\/pages"}],"about":[{"href":"https:\/\/digitafood.com\/software\/wp-json\/wp\/v2\/types\/page"}],"author":[{"embeddable":true,"href":"https:\/\/digitafood.com\/software\/wp-json\/wp\/v2\/users\/1"}],"replies":[{"embeddable":true,"href":"https:\/\/digitafood.com\/software\/wp-json\/wp\/v2\/comments?post=62"}],"version-history":[{"count":11,"href":"https:\/\/digitafood.com\/software\/wp-json\/wp\/v2\/pages\/62\/revisions"}],"predecessor-version":[{"id":326,"href":"https:\/\/digitafood.com\/software\/wp-json\/wp\/v2\/pages\/62\/revisions\/326"}],"wp:attachment":[{"href":"https:\/\/digitafood.com\/software\/wp-json\/wp\/v2\/media?parent=62"}],"curies":[{"name":"wp","href":"https:\/\/api.w.org\/{rel}","templated":true}]}}